{"id":109101,"date":"2023-04-12T23:32:49","date_gmt":"2023-04-12T21:32:49","guid":{"rendered":"https:\/\/graphideas.it\/?page_id=109101"},"modified":"2025-10-24T18:16:36","modified_gmt":"2025-10-24T16:16:36","slug":"chi-sono","status":"publish","type":"page","link":"https:\/\/graphideas.it\/es\/chi-sono\/","title":{"rendered":"Quien soy"},"content":{"rendered":"<div class=\"et_pb_section_0 et_pb_section et_section_regular et_block_section et_pb_section_parallax\"><span class=\"et-pb-parallax-wrapper\"><span class=\"et-pb-parallax-background et-pb-parallax-background--css et-pb-parallax-background-module--divi-section-0\" style=\"background-image:url(https:\/\/graphideas.it\/wp-content\/uploads\/2023\/04\/Graphideas-header-e1679350044408.jpg)\"><\/span><\/span><div class=\"et_pb_row_0 et_pb_row et_block_row\"><div class=\"et_pb_column_0 et_pb_column et_pb_column_4_4 et-last-child et_block_column et_pb_css_mix_blend_mode_passthrough\"><div class=\"et_pb_text_0 et_pb_text et_pb_bg_layout_dark et_animated et_pb_module et_block_module preset--module--divi-text--default\"><div class=\"et_pb_text_inner\" data-et-mv-hidden-tablet=\"true\"><h1>Quien soy<\/h1>\n<p>&nbsp;<\/p>\n<h3>Sono una persona che sa come fare felice il cliente e che soddisfa sempre le sue richieste<br \/>Questa \u00e8 Graphideas<\/h3>\n<\/div><\/div><\/div><\/div><\/div><div class=\"et_pb_section_1 et_pb_section et_section_regular et_block_section\"><div class=\"et_pb_row_1 et_pb_row et_block_row\"><div class=\"et_pb_column_1 et_pb_column et_pb_column_4_4 et-last-child et_block_column et_pb_css_mix_blend_mode_passthrough\"><div class=\"et_pb_text_1 et_pb_text et_pb_bg_layout_light et_animated et_pb_module et_block_module preset--module--divi-text--default\"><div class=\"et_pb_text_inner\"><h2><\/h2>\n<h2>Un mondo di... Graphideas<\/h2>\n<\/div><\/div><\/div><\/div><div class=\"et_pb_row_2 et_pb_row et_block_row\"><div class=\"et_pb_column_2 et_pb_column et_pb_column_4_4 et-last-child et_block_column et_pb_css_mix_blend_mode_passthrough\"><div class=\"et_pb_text_2 et_pb_text et_pb_bg_layout_light et_pb_module et_block_module preset--module--divi-text--default\"><div class=\"et_pb_text_inner\"><p style=\"text-align: center;\">Le passioni non sono facili da mettere in pratica e, molte volte ci si ritrova a navigare nel vuoto per molto tempo, fin quando una mattina ti alzi e capisci che \u00e8 arrivato il momento di cambiare e ascoltare quello che vuoi davvero.<br \/>Questo \u00e8 quello che \u00e8 successo a Luca dopo 16 da dipendente si \u00e8 accorto che stava usando il tempo in modo sbagliato.<br \/>Da sempre appassionato di tecnologia e con la voglia continua di realizzare sempre qualcosa di nuovo e diverso.<br \/>Nasce, cos\u00ec Graphideas, che porta avanti dello stesso passo il mondo creativo con il mondo digitale con un unico obiettivo:<br \/>aiutare chi vuole dare una nuova forma alla propria attivit\u00e0 o a crearne una, realizzando cos\u00ec con passione e dedizione i progetti che ogni giorno sembrano irrealizzabili<\/p>\n<\/div><\/div><\/div><\/div><\/div><div class=\"et_pb_section_2 et_pb_section et_section_regular et_block_section et_pb_section_parallax section_has_divider et_pb_top_divider\"><div class=\"et_pb_top_inside_divider et-no-transition\"><\/div><span class=\"et-pb-parallax-wrapper\"><span class=\"et-pb-parallax-background et-pb-parallax-background--css et-pb-parallax-background-module--divi-section-2\" style=\"background-image:url(https:\/\/graphideas.it\/wp-content\/uploads\/2023\/04\/Tech-Graphideas.jpg)\"><\/span><\/span><div class=\"et_pb_row_3 et_pb_row et_block_row\"><div class=\"et_pb_column_3 et_pb_column et_pb_column_1_2 et_block_column et_pb_css_mix_blend_mode_passthrough\"><div class=\"et_pb_image_0 et_pb_image et_pb_module et_flex_module\"><span class=\"et_pb_image_wrap\"><img loading=\"lazy\" decoding=\"async\" src=\"https:\/\/graphideas.it\/wp-content\/uploads\/2023\/04\/Ricerca-Graphideas.png\" alt=\"Ricerca e idee Graphideas\" title=\"Ricerca Graphideas\" width=\"480\" height=\"336\" srcset=\"https:\/\/graphideas.it\/wp-content\/uploads\/2023\/04\/Ricerca-Graphideas.png 480w, https:\/\/graphideas.it\/wp-content\/uploads\/2023\/04\/Ricerca-Graphideas-300x210.png 300w\" sizes=\"(max-width: 480px) 100vw, 480px\" class=\"wp-image-109105\" \/><\/span><\/div><\/div><div class=\"et_pb_column_4 et_pb_column et_pb_column_1_2 et-last-child et_block_column et_pb_css_mix_blend_mode_passthrough\"><div class=\"et_pb_text_3 et_pb_text et_pb_bg_layout_light et_animated et_pb_module et_block_module preset--module--divi-text--default\"><div class=\"et_pb_text_inner\"><h2 style=\"text-align: center;\">Cerchiamo e creiamo<br \/>la tua vera identit\u00e0<\/h2>\n<p>&nbsp;<\/p>\n<p>Capendo quello che fai, e quello che vuoi raggiungere creeremo l'identit\u00e0 digitale che pi\u00f9 ti rappresenta<\/p>\n<\/div><\/div><\/div><\/div><div class=\"et_pb_row_4 et_pb_row et_block_row\"><div class=\"et_pb_column_5 et_pb_column et_pb_column_1_2 et_block_column et_pb_css_mix_blend_mode_passthrough\"><div class=\"et_pb_text_4 et_pb_text et_pb_bg_layout_light et_animated et_pb_module et_block_module preset--module--divi-text--default\"><div class=\"et_pb_text_inner\"><h2 style=\"text-align: center;\">Analizziamo e studiamo insieme la migliore strategia di successo<\/h2>\n<p>&nbsp;<\/p>\n<p>Dopo aver capito qual'\u00e8 l'obiettivo che vuoi raggiungere, analizzeremo e studieremo la migliore strategia per portarti al successo<\/p>\n<\/div><\/div><\/div><div class=\"et_pb_column_6 et_pb_column et_pb_column_1_2 et-last-child et_block_column et_pb_css_mix_blend_mode_passthrough\"><div class=\"et_pb_image_1 et_pb_image et_pb_module et_flex_module\"><span class=\"et_pb_image_wrap\"><img loading=\"lazy\" decoding=\"async\" src=\"https:\/\/graphideas.it\/wp-content\/uploads\/2023\/04\/Analisi-Graphideas-1.png\" title=\"Analisi Graphideas\" width=\"480\" height=\"336\" srcset=\"https:\/\/graphideas.it\/wp-content\/uploads\/2023\/04\/Analisi-Graphideas-1.png 480w, https:\/\/graphideas.it\/wp-content\/uploads\/2023\/04\/Analisi-Graphideas-1-300x210.png 300w\" sizes=\"(max-width: 480px) 100vw, 480px\" class=\"wp-image-109106\" alt=\"\"><\/span><\/div><\/div><\/div><\/div><div class=\"et_pb_section_3 et_pb_section et_section_regular et_block_section et_pb_section_parallax\"><span class=\"et-pb-parallax-wrapper\"><span class=\"et-pb-parallax-background et-pb-parallax-background--css et-pb-parallax-background-module--divi-section-3\" style=\"background-image:url(https:\/\/graphideas.it\/wp-content\/uploads\/2023\/04\/Graphideas-header-e1679350044408.jpg)\"><\/span><\/span><div class=\"et_pb_row_5 et_pb_row et_pb_equal_columns et_block_row et_pb_row_fullwidth\"><div class=\"et_pb_column_7 et_pb_column et_pb_column_1_3 et_block_column et_pb_css_mix_blend_mode_passthrough\"><div class=\"et_pb_text_5 et_pb_text et_pb_bg_layout_light et_animated et_pb_module et_block_module preset--module--divi-text--default\"><div class=\"et_pb_text_inner\"><h2 style=\"text-align: center;\">Raggiungiamo insieme gli obiettivi!<\/h2>\n<p>&nbsp;<\/p>\n<p>Riuscire da soli nella realizzazione di quello che si vuole non \u00e8 facile. E' per questo che \u00e8 nata Graphideas, per aiutarti a realizzare insieme ogni tua idea e progetto<\/p>\n<\/div><\/div><\/div><div class=\"et_pb_column_8 et_pb_column et_pb_column_2_3 et-last-child et_block_column et_pb_css_mix_blend_mode_passthrough\"><div class=\"et_pb_image_2 et_pb_image et_animated et_pb_module et_flex_module\"><span class=\"et_pb_image_wrap\"><img decoding=\"async\" src=\"https:\/\/graphideas.it\/wp-content\/uploads\/2023\/04\/Soluzioni-digitali-Graphideas.jpg\" alt=\"Soluzioni digitali Graphideas\" title=\"Soluzioni digitali Graphideas\" \/><\/span><\/div><\/div><\/div><div class=\"et_pb_row_6 et_pb_row et_block_row\"><div class=\"et_pb_column_9 et_pb_column et_pb_column_4_4 et-last-child et_block_column et_pb_css_mix_blend_mode_passthrough\"><div class=\"et_pb_text_6 et_pb_text et_pb_bg_layout_light et_animated et_pb_module et_block_module preset--module--divi-text--default\"><div class=\"et_pb_text_inner\"><h2 style=\"text-align: center;\">Cosa voglio<\/h2>\n<p style=\"text-align: center;\">La tua soddisfazione \u00e8 il mio miglior risultato<\/p>\n<\/div><\/div><\/div><\/div><\/div><div class=\"et_pb_section_4 et_pb_section et_section_regular et_block_section et_pb_section_parallax\"><span class=\"et-pb-parallax-wrapper\"><span class=\"et-pb-parallax-background et-pb-parallax-background--css et-pb-parallax-background-module--divi-section-4\" style=\"background-image:url(https:\/\/graphideas.it\/wp-content\/uploads\/2023\/04\/Sfondo-servizi-Graphideas.jpg)\"><\/span><\/span><div class=\"et_pb_row_7 et_pb_row et_block_row\"><div class=\"et_pb_column_10 et_pb_column et_pb_column_4_4 et-last-child et_block_column et_pb_css_mix_blend_mode_passthrough\"><div class=\"et_pb_image_3 et_pb_image et_pb_module et_flex_module\"><span class=\"et_pb_image_wrap\"><img loading=\"lazy\" decoding=\"async\" src=\"https:\/\/graphideas.it\/wp-content\/uploads\/2023\/04\/Logo-Graphideas-nero-.png\" alt=\"Logo Graphideas\" title=\"Logo-Graphideas-nero-\" width=\"400\" height=\"120\" srcset=\"https:\/\/graphideas.it\/wp-content\/uploads\/2023\/04\/Logo-Graphideas-nero-.png 400w, https:\/\/graphideas.it\/wp-content\/uploads\/2023\/04\/Logo-Graphideas-nero--300x90.png 300w\" sizes=\"(max-width: 400px) 100vw, 400px\" class=\"wp-image-20\" \/><\/span><\/div><div class=\"et_pb_cta_0 et_pb_promo et_pb_bg_layout_dark et_animated et_pb_module et_flex_module\"><div class=\"et_pb_promo_description\"><h2 class=\"et_pb_module_header\">Fai diventare realt\u00e0 la tua idea!<\/h2><div class=\"et_pb_promo_content\"><p>Che tu voglia creare il tuo logo, biglietti da visita, locandine informative, menu del tuo locale, gestire i social e\/o creare contenuti personalizzati e tanto altro lo realizzeremo insieme<\/p>\n<\/div><\/div><div class=\"et_pb_button_wrapper\"><a class=\"et_pb_button et_pb_promo_button\" href=\"https:\/\/graphideas.it\/es\/contatti\/\" data-icon=\"$\">Cont\u00e1ctame<\/a><\/div><\/div><\/div><\/div><\/div>","protected":false},"excerpt":{"rendered":"<p>Pensare, creare, realizzare, sono tutte parti fondamentali per la crescita della tua attivit\u00e0. In questa pagina potrai conoscerci meglio<\/p>","protected":false},"author":4,"featured_media":109347,"parent":0,"menu_order":0,"comment_status":"closed","ping_status":"closed","template":"","meta":{"iawp_total_views":298,"footnotes":""},"class_list":["post-109101","page","type-page","status-publish","has-post-thumbnail","hentry"],"_links":{"self":[{"href":"https:\/\/graphideas.it\/es\/wp-json\/wp\/v2\/pages\/109101","targetHints":{"allow":["GET"]}}],"collection":[{"href":"https:\/\/graphideas.it\/es\/wp-json\/wp\/v2\/pages"}],"about":[{"href":"https:\/\/graphideas.it\/es\/wp-json\/wp\/v2\/types\/page"}],"author":[{"embeddable":true,"href":"https:\/\/graphideas.it\/es\/wp-json\/wp\/v2\/users\/4"}],"replies":[{"embeddable":true,"href":"https:\/\/graphideas.it\/es\/wp-json\/wp\/v2\/comments?post=109101"}],"version-history":[{"count":16,"href":"https:\/\/graphideas.it\/es\/wp-json\/wp\/v2\/pages\/109101\/revisions"}],"predecessor-version":[{"id":110234,"href":"https:\/\/graphideas.it\/es\/wp-json\/wp\/v2\/pages\/109101\/revisions\/110234"}],"wp:featuredmedia":[{"embeddable":true,"href":"https:\/\/graphideas.it\/es\/wp-json\/wp\/v2\/media\/109347"}],"wp:attachment":[{"href":"https:\/\/graphideas.it\/es\/wp-json\/wp\/v2\/media?parent=109101"}],"curies":[{"name":"wp","href":"https:\/\/api.w.org\/{rel}","templated":true}]}}