{"id":109111,"date":"2023-04-12T23:35:17","date_gmt":"2023-04-12T21:35:17","guid":{"rendered":"https:\/\/graphideas.it\/?page_id=109111"},"modified":"2025-10-24T18:16:38","modified_gmt":"2025-10-24T16:16:38","slug":"servizi","status":"publish","type":"page","link":"https:\/\/graphideas.it\/es\/servizi\/","title":{"rendered":"Servicios"},"content":{"rendered":"<div class=\"et_pb_section_0 et_pb_section et_section_regular et_block_section et_pb_section_parallax\"><span class=\"et-pb-parallax-wrapper\"><span class=\"et-pb-parallax-background et-pb-parallax-background--css et-pb-parallax-background-module--divi-section-0\" style=\"background-image:url(https:\/\/graphideas.it\/wp-content\/uploads\/2023\/04\/Graphideas-header-e1679350044408.jpg)\"><\/span><\/span><div class=\"et_pb_row_0 et_pb_row et_block_row\"><div class=\"et_pb_column_0 et_pb_column et_pb_column_4_4 et-last-child et_block_column et_pb_css_mix_blend_mode_passthrough\"><div class=\"et_pb_text_0 et_pb_text et_pb_bg_layout_dark et_animated et_pb_module et_block_module preset--module--divi-text--default\"><div class=\"et_pb_text_inner\" data-et-mv-hidden-phone=\"true\"><h1>I servizi<\/h1>\n<h2>Creati per realizzare i tuoi progetti<\/h2>\n<h3><\/h3>\n<h3>Grafiche a Bologna ma ovunque da remoto<\/h3>\n<\/div><\/div><\/div><\/div><\/div><div class=\"et_pb_section_1 et_pb_section et_section_regular et_block_section\"><div class=\"et_pb_row_1 et_pb_row et_block_row\"><div class=\"et_pb_column_1 et_pb_column et_pb_column_1_2 et_block_column et_pb_css_mix_blend_mode_passthrough\"><div class=\"et_pb_blurb_0 et_pb_blurb et_pb_bg_layout_light et_pb_blurb_position_top et_pb_module et_flex_module\"><div class=\"et_pb_blurb_content et_flex_module\"><div class=\"et_pb_main_blurb_image\"><span class=\"et_pb_image_wrap\"><span class=\"et-pb-icon\">\uf198<\/span><\/span><\/div><div class=\"et_pb_blurb_container\"><h3 class=\"et_pb_module_header\">Realizzazione loghi<\/h3><div class=\"et_pb_blurb_description\"><p>Partendo da una semplice idea realizzer\u00f2 un logo che diventer\u00e0 il tuo segno distintivo e che ti rappresenter\u00e0 veramente<\/p>\n<\/div><\/div><\/div><\/div><div class=\"et_pb_module et_pb_button_module_wrapper et_pb_button_0_wrapper\"><a class=\"et_pb_button_0 et_pb_button et_pb_bg_layout_light et_pb_module et_flex_module\" href=\"#loghi\" data-icon=\"$\">Scopri di pi\u00f9<\/a><\/div><\/div><div class=\"et_pb_column_2 et_pb_column et_pb_column_1_2 et-last-child et_block_column et_pb_css_mix_blend_mode_passthrough\"><div class=\"et_pb_blurb_1 et_pb_blurb et_pb_bg_layout_light et_pb_blurb_position_top et_pb_module et_flex_module\"><div class=\"et_pb_blurb_content et_flex_module\"><div class=\"et_pb_main_blurb_image\"><span class=\"et_pb_image_wrap\"><span class=\"et-pb-icon\">\uf87c<\/span><\/span><\/div><div class=\"et_pb_blurb_container\"><h3 class=\"et_pb_module_header\">Foto & video per ogni esigenza<\/h3><div class=\"et_pb_blurb_description\"><p>Fotografie personali, della tua attivit\u00e0, video riprese con drone per maggior impatto. C'\u00e8 solo da scegliere<\/p>\n<\/div><\/div><\/div><\/div><div class=\"et_pb_module et_pb_button_module_wrapper et_pb_button_1_wrapper\"><a class=\"et_pb_button_1 et_pb_button et_pb_bg_layout_light et_pb_module et_flex_module\" href=\"#fotografia\" data-icon=\"$\">Scopri di pi\u00f9<\/a><\/div><\/div><\/div><div class=\"et_pb_row_2 et_pb_row et_block_row\"><div class=\"et_pb_column_3 et_pb_column et_pb_column_1_2 et_block_column et_pb_css_mix_blend_mode_passthrough\"><div class=\"et_pb_blurb_2 et_pb_blurb et_pb_bg_layout_light et_pb_blurb_position_top et_pb_module et_flex_module\"><div class=\"et_pb_blurb_content et_flex_module\"><div class=\"et_pb_main_blurb_image\"><span class=\"et_pb_image_wrap\"><span class=\"et-pb-icon\" data-et-mv-hidden-tablet=\"true\">\ue072<\/span><\/span><\/div><div class=\"et_pb_blurb_container\"><h3 class=\"et_pb_module_header\">Idee grafiche e non solo<\/h3><div class=\"et_pb_blurb_description\"><p>Non mi limito a creare progetti grafici, ma ti aiuto anche a creare oggetti che rispecchino la tua identit\u00e0<\/p>\n<\/div><\/div><\/div><\/div><div class=\"et_pb_module et_pb_button_module_wrapper et_pb_button_2_wrapper\"><a class=\"et_pb_button_2 et_pb_button et_pb_bg_layout_light et_pb_module et_flex_module\" href=\"#grafica\" data-icon=\"$\">Scopri di pi\u00f9<\/a><\/div><\/div><div class=\"et_pb_column_4 et_pb_column et_pb_column_1_2 et-last-child et_block_column et_pb_css_mix_blend_mode_passthrough\"><div class=\"et_pb_blurb_3 et_pb_blurb et_pb_bg_layout_light et_pb_blurb_position_top et_pb_module et_flex_module\"><div class=\"et_pb_blurb_content et_flex_module\"><div class=\"et_pb_main_blurb_image\"><span class=\"et_pb_image_wrap\"><span class=\"et-pb-icon\">\uf035<\/span><\/span><\/div><div class=\"et_pb_blurb_container\"><h3 class=\"et_pb_module_header\">Gestione testi<\/h3><div class=\"et_pb_blurb_description\"><p>Mi occupo della scrittura e della stesura di articoli e testi per le tue esigenze<\/p>\n<\/div><\/div><\/div><\/div><div class=\"et_pb_module et_pb_button_module_wrapper et_pb_button_3_wrapper\"><a class=\"et_pb_button_3 et_pb_button et_pb_bg_layout_light et_pb_module et_flex_module\" href=\"\" data-icon=\"$\">Scopri di pi\u00f9<\/a><\/div><\/div><\/div><\/div><div class=\"et_pb_section_2 et_pb_section et_section_regular et_block_section et_pb_section_parallax section_has_divider et_pb_top_divider\"><div class=\"et_pb_top_inside_divider et-no-transition\"><\/div><span class=\"et-pb-parallax-wrapper\"><span class=\"et-pb-parallax-background et-pb-parallax-background--css et-pb-parallax-background-module--divi-section-2\" style=\"background-image:url(https:\/\/graphideas.it\/wp-content\/uploads\/2023\/04\/Graphideas-header-e1679350044408.jpg)\"><\/span><\/span><div class=\"et_pb_row_3 et_pb_row et_block_row\"><div class=\"et_pb_column_5 et_pb_column et_pb_column_4_4 et-last-child et_block_column et_pb_css_mix_blend_mode_passthrough\"><div class=\"et_pb_text_1 et_pb_text et_pb_bg_layout_light et_animated et_pb_module et_block_module preset--module--divi-text--default\"><div class=\"et_pb_text_inner\" data-et-mv-hidden-tablet=\"true\" data-et-mv-hidden-phone=\"true\"><h2>Graphideas grafiche a Bologna<br \/>Luogo di idee e collaborazioni<\/h2>\n<\/div><\/div><div class=\"et_pb_text_2 et_pb_text et_pb_bg_layout_light et_pb_module et_block_module preset--module--divi-text--default\"><div class=\"et_pb_text_inner\" data-et-mv-hidden-tablet=\"true\"><p>Trovare la giusta direzione da intraprendere non \u00e8 mai facile. Il digitale molte volte rende le cose ancora pi\u00f9 complicate ed \u00e8 per questo che ho deciso di creare Graphideas grafiche Bologna, per aiutare tutte le persone che hanno un sogno, un'idea, un progetto a realizzarlo con semplicit\u00e0 e soddisfazione. Questo, per\u00f2, \u00e8 possibile soltanto impegnandosi insieme e creando un luogo armonioso dove lavorare e collaborare. Cos\u00ec nascono le grandi idee<\/p>\n<\/div><\/div><\/div><\/div><\/div><div class=\"et_pb_section_3 et_pb_section et_section_regular et_block_section et_pb_section_parallax\"><span class=\"et-pb-parallax-wrapper\"><span class=\"et-pb-parallax-background et-pb-parallax-background--css et-pb-parallax-background-module--divi-section-3\" style=\"background-image:url(https:\/\/graphideas.it\/wp-content\/uploads\/2023\/04\/Graphideas-header-e1679350044408.jpg)\"><\/span><\/span><div class=\"et_pb_row_4 et_pb_row et_block_row\"><div class=\"et_pb_column_6 et_pb_column et_pb_column_4_4 et-last-child et_block_column et_pb_css_mix_blend_mode_passthrough\"><div class=\"et_pb_text_3 et_pb_text et_pb_bg_layout_light et_animated et_pb_module et_block_module preset--module--divi-text--default\" id=\"web\"><div class=\"et_pb_text_inner\"><h2>Alcuni progetti web<\/h2>\n<p>Non ci sono limiti di progettazione, l'unico limite \u00e8 la paura di non riuscire a realizzare quel che si vuole<\/p>\n<\/div><\/div><\/div><\/div><div class=\"et_pb_row_5 et_pb_row et_block_row et_animated\"><div class=\"et_pb_column_7 et_pb_column et_pb_column_4_4 et-last-child et_block_column et_pb_css_mix_blend_mode_passthrough\"><div class=\"et_pb_video_0 et_pb_video et_animated et_pb_module et_flex_module\"><div class=\"et_pb_video_box\"><video controls><source type=\"video\/mp4\" src=\"https:\/\/lucan17.sg-host.com\/wp-content\/uploads\/2023\/03\/Loghi.mov\" \/><\/video><\/div><div class=\"et_pb_video_overlay\" style=\"background-image:url(https:\/\/graphideas.it\/wp-content\/uploads\/2023\/04\/Logo-dentista.jpg)\"><div class=\"et_pb_video_overlay_hover\"><a class=\"et_pb_video_play\" href=\"#\"><\/a><\/div><\/div><\/div><div class=\"et_pb_cta_0 et_pb_promo et_pb_bg_layout_light et_pb_module et_flex_module\"><div class=\"et_pb_promo_description\"><h3 class=\"et_pb_module_header\">PER IL LAVORO E NON SOLO<\/h3><div class=\"et_pb_promo_content\"><p>Creazione di loghi, fotografie d'arredo, menu della tua attivit\u00e0 e tanto altro da scoprire<\/p>\n<\/div><\/div><\/div><\/div><\/div><\/div><div class=\"et_pb_section_4 et_pb_section et_section_regular et_block_section et_pb_section_parallax\"><span class=\"et-pb-parallax-wrapper\"><span class=\"et-pb-parallax-background et-pb-parallax-background--css et-pb-parallax-background-module--divi-section-4\" style=\"background-image:url(https:\/\/graphideas.it\/wp-content\/uploads\/2023\/04\/Graphideas-header-e1679350044408.jpg)\"><\/span><\/span><div class=\"et_pb_row_6 et_pb_row et_block_row\"><div class=\"et_pb_column_8 et_pb_column et_pb_column_4_4 et-last-child et_block_column et_pb_css_mix_blend_mode_passthrough\"><div class=\"et_pb_text_4 et_pb_text et_pb_bg_layout_light et_pb_module et_block_module preset--module--divi-text--default\" id=\"loghi\"><div class=\"et_pb_text_inner\"><p>ALCUNI DEI MIEI LOGHI<\/p>\n<\/div><\/div><\/div><\/div><div class=\"et_pb_row_7 et_pb_row et_block_row et_animated\"><div class=\"et_pb_column_9 et_pb_column et_pb_column_1_3 et_block_column et_pb_css_mix_blend_mode_passthrough\"><div class=\"et_pb_image_0 et_pb_image et_pb_module et_flex_module\"><span class=\"et_pb_image_wrap\"><img loading=\"lazy\" decoding=\"async\" src=\"https:\/\/graphideas.it\/wp-content\/uploads\/2023\/04\/1.png\" alt=\"Logo Le P in Cucina\" title=\"Le P in Cucina\" width=\"800\" height=\"459\" srcset=\"https:\/\/graphideas.it\/wp-content\/uploads\/2023\/04\/1.png 800w, https:\/\/graphideas.it\/wp-content\/uploads\/2023\/04\/1-480x275.png 480w\" sizes=\"(min-width: 0px) and (max-width: 480px) 480px, (min-width: 481px) 800px, 100vw\" class=\"wp-image-109114\" \/><\/span><\/div><div class=\"et_pb_cta_1 et_pb_promo et_pb_bg_layout_light et_pb_module et_flex_module\"><div class=\"et_pb_promo_description\"><h3 class=\"et_pb_module_header\">Loghi personalizzati<\/h3><div class=\"et_pb_promo_content\"><p>Un progetto originale<br \/>per la tua attivit\u00e0<\/p>\n<\/div><\/div><\/div><\/div><div class=\"et_pb_column_10 et_pb_column et_pb_column_1_3 et_block_column et_pb_css_mix_blend_mode_passthrough\"><div class=\"et_pb_image_1 et_pb_image et_pb_module et_flex_module\"><span class=\"et_pb_image_wrap\"><img loading=\"lazy\" decoding=\"async\" src=\"https:\/\/graphideas.it\/wp-content\/uploads\/2023\/04\/2.png\" alt=\"Logo sito Edo Thomaz\" title=\"Edo Thomaz\" width=\"800\" height=\"459\" srcset=\"https:\/\/graphideas.it\/wp-content\/uploads\/2023\/04\/2.png 800w, https:\/\/graphideas.it\/wp-content\/uploads\/2023\/04\/2-480x275.png 480w\" sizes=\"(min-width: 0px) and (max-width: 480px) 480px, (min-width: 481px) 800px, 100vw\" class=\"wp-image-109115\" \/><\/span><\/div><div class=\"et_pb_cta_2 et_pb_promo et_pb_bg_layout_light et_pb_module et_flex_module\"><div class=\"et_pb_promo_description\"><h3 class=\"et_pb_module_header\">Loghi personalizzati <\/h3><div class=\"et_pb_promo_content\"><p>Un progetto originale<br \/>per il tuo sito web<\/p>\n<\/div><\/div><\/div><\/div><div class=\"et_pb_column_11 et_pb_column et_pb_column_1_3 et-last-child et_block_column et_pb_css_mix_blend_mode_passthrough\"><div class=\"et_pb_image_2 et_pb_image et_pb_module et_flex_module\"><span class=\"et_pb_image_wrap\"><img loading=\"lazy\" decoding=\"async\" src=\"https:\/\/graphideas.it\/wp-content\/uploads\/2023\/04\/Adesivo-personalizzato.png\" alt=\"Logo adesivo \" title=\"Logo Adesivo personalizzato\" width=\"800\" height=\"459\" srcset=\"https:\/\/graphideas.it\/wp-content\/uploads\/2023\/04\/Adesivo-personalizzato.png 800w, https:\/\/graphideas.it\/wp-content\/uploads\/2023\/04\/Adesivo-personalizzato-480x275.png 480w\" sizes=\"(min-width: 0px) and (max-width: 480px) 480px, (min-width: 481px) 800px, 100vw\" class=\"wp-image-109116\" \/><\/span><\/div><div class=\"et_pb_cta_3 et_pb_promo et_pb_bg_layout_light et_pb_module et_flex_module\"><div class=\"et_pb_promo_description\"><h3 class=\"et_pb_module_header\">Loghi adesivi<\/h3><div class=\"et_pb_promo_content\"><p>Un progetto per portare la tua passione sempre con te<\/p>\n<\/div><\/div><\/div><\/div><\/div><\/div><div class=\"et_pb_section_5 et_pb_section et_section_regular et_block_section et_pb_section_parallax\"><span class=\"et-pb-parallax-wrapper\"><span class=\"et-pb-parallax-background et-pb-parallax-background--css et-pb-parallax-background-module--divi-section-5\" style=\"background-image:url(https:\/\/graphideas.it\/wp-content\/uploads\/2023\/04\/Graphideas-header-e1679350044408.jpg)\"><\/span><\/span><div class=\"et_pb_row_8 et_pb_row et_block_row\"><div class=\"et_pb_column_12 et_pb_column et_pb_column_4_4 et-last-child et_block_column et_pb_css_mix_blend_mode_passthrough\"><div class=\"et_pb_text_5 et_pb_text et_pb_bg_layout_light et_pb_module et_block_module preset--module--divi-text--default\" id=\"fotografia\"><div class=\"et_pb_text_inner\"><p>ALCUNI PROGETTI FOTOGRAFICI<\/p>\n<\/div><\/div><\/div><\/div><\/div><div class=\"et_pb_section_6 et_pb_section et_section_regular et_block_section et_pb_section_parallax\"><span class=\"et-pb-parallax-wrapper\"><span class=\"et-pb-parallax-background et-pb-parallax-background--css et-pb-parallax-background-module--divi-section-6\" style=\"background-image:url(https:\/\/graphideas.it\/wp-content\/uploads\/2023\/04\/Graphideas-header-e1679350044408.jpg)\"><\/span><\/span><div class=\"et_pb_row_9 et_pb_row et_block_row\"><div class=\"et_pb_column_13 et_pb_column et_pb_column_4_4 et-last-child et_block_column et_pb_css_mix_blend_mode_passthrough\"><div class=\"et_pb_text_6 et_pb_text et_pb_bg_layout_light et_pb_module et_block_module preset--module--divi-text--default\" id=\"grafica\"><div class=\"et_pb_text_inner\" data-et-mv-hidden-tablet=\"true\" data-et-mv-hidden-phone=\"true\"><h2>ALCUNI PROGETTI GRAFICI<\/h2>\n<h3><\/h3>\n<h3>Grafiche Bologna ma ovunque da remoto<\/h3>\n<\/div><\/div><\/div><\/div><\/div><div class=\"et_pb_section_7 et_pb_section et_section_regular et_block_section et_pb_section_parallax\"><span class=\"et-pb-parallax-wrapper\"><span class=\"et-pb-parallax-background et-pb-parallax-background--css et-pb-parallax-background-module--divi-section-7\" style=\"background-image:url(https:\/\/graphideas.it\/wp-content\/uploads\/2023\/04\/Graphideas-header-e1679350044408.jpg)\"><\/span><\/span><div class=\"et_pb_row_10 et_pb_row et_block_row et_animated\"><div class=\"et_pb_column_14 et_pb_column et_pb_column_1_3 et_block_column et_pb_css_mix_blend_mode_passthrough\"><div class=\"et_pb_image_3 et_pb_image et_pb_module et_flex_module\"><span class=\"et_pb_image_wrap\"><img loading=\"lazy\" decoding=\"async\" src=\"https:\/\/graphideas.it\/wp-content\/uploads\/2023\/04\/Graphideas-idea-t-shirt.jpg\" title=\"Graphideas idea t-shirt\" width=\"800\" height=\"459\" srcset=\"https:\/\/graphideas.it\/wp-content\/uploads\/2023\/04\/Graphideas-idea-t-shirt.jpg 800w, https:\/\/graphideas.it\/wp-content\/uploads\/2023\/04\/Graphideas-idea-t-shirt-480x275.jpg 480w\" sizes=\"(min-width: 0px) and (max-width: 480px) 480px, (min-width: 481px) 800px, 100vw\" class=\"wp-image-109123\" alt=\"\"><\/span><\/div><div class=\"et_pb_cta_4 et_pb_promo et_pb_bg_layout_light et_pb_module et_flex_module\"><div class=\"et_pb_promo_description\"><h3 class=\"et_pb_module_header\">Grafiche per t-shirt e abbigliamento<\/h3><div class=\"et_pb_promo_content\"><p>Un progetto originale<br \/>per vestire le tue idee<\/p>\n<\/div><\/div><\/div><\/div><div class=\"et_pb_column_15 et_pb_column et_pb_column_1_3 et_block_column et_pb_css_mix_blend_mode_passthrough\"><div class=\"et_pb_image_4 et_pb_image et_pb_module et_flex_module\"><span class=\"et_pb_image_wrap\"><img loading=\"lazy\" decoding=\"async\" src=\"https:\/\/graphideas.it\/wp-content\/uploads\/2023\/04\/Listino-prezzi-parrucchiera-Graphideas.jpg\" alt=\"Listino prezzi parrucchiera Graphideas\" title=\"Listino prezzi parrucchiera Graphideas\" width=\"800\" height=\"459\" srcset=\"https:\/\/graphideas.it\/wp-content\/uploads\/2023\/04\/Listino-prezzi-parrucchiera-Graphideas.jpg 800w, https:\/\/graphideas.it\/wp-content\/uploads\/2023\/04\/Listino-prezzi-parrucchiera-Graphideas-480x275.jpg 480w\" sizes=\"(min-width: 0px) and (max-width: 480px) 480px, (min-width: 481px) 800px, 100vw\" class=\"wp-image-109124\" \/><\/span><\/div><div class=\"et_pb_cta_5 et_pb_promo et_pb_bg_layout_light et_pb_module et_flex_module\"><div class=\"et_pb_promo_description\"><h3 class=\"et_pb_module_header\">Listino prezzi per la tua attivit\u00e0<\/h3><div class=\"et_pb_promo_content\"><p>Una grafica accattivante<br \/>senza sorprese<\/p>\n<\/div><\/div><\/div><\/div><div class=\"et_pb_column_16 et_pb_column et_pb_column_1_3 et-last-child et_block_column et_pb_css_mix_blend_mode_passthrough\"><div class=\"et_pb_image_5 et_pb_image et_pb_module et_flex_module\"><span class=\"et_pb_image_wrap\"><img loading=\"lazy\" decoding=\"async\" src=\"https:\/\/graphideas.it\/wp-content\/uploads\/2023\/04\/Coffee-menu-Graphideas.jpg\" alt=\"Coffee menu Graphideas\" title=\"Coffee menu Graphideas\" width=\"800\" height=\"459\" srcset=\"https:\/\/graphideas.it\/wp-content\/uploads\/2023\/04\/Coffee-menu-Graphideas.jpg 800w, https:\/\/graphideas.it\/wp-content\/uploads\/2023\/04\/Coffee-menu-Graphideas-480x275.jpg 480w\" sizes=\"(min-width: 0px) and (max-width: 480px) 480px, (min-width: 481px) 800px, 100vw\" class=\"wp-image-109125\" \/><\/span><\/div><div class=\"et_pb_cta_6 et_pb_promo et_pb_bg_layout_light et_pb_module et_flex_module\"><div class=\"et_pb_promo_description\"><h3 class=\"et_pb_module_header\">Menu della tua attivit\u00e0 di ristorazione<\/h3><div class=\"et_pb_promo_content\"><p>Una grafica attraente<br \/>quanto i tuoi piatti<\/p>\n<\/div><\/div><\/div><\/div><\/div><\/div><div class=\"et_pb_section_8 et_pb_section et_section_regular et_block_section\"><div class=\"et_pb_row_11 et_pb_row et_block_row\"><div class=\"et_pb_column_17 et_pb_column et_pb_column_4_4 et-last-child et_block_column et_pb_css_mix_blend_mode_passthrough\"><div class=\"et_pb_text_7 et_pb_text et_pb_bg_layout_light et_pb_module et_block_module preset--module--divi-text--default\"><div class=\"et_pb_text_inner\"><h2>Domande frequenti<\/h2>\n<h4>Faq<\/h4>\n<\/div><\/div><\/div><\/div><div class=\"et_pb_row_12 et_pb_row et_block_row\"><div class=\"et_pb_column_18 et_pb_column et_pb_column_4_4 et-last-child et_block_column et_pb_css_mix_blend_mode_passthrough\"><div class=\"et_pb_accordion_0 et_pb_accordion et_pb_module et_flex_module\"><div class=\"et_pb_accordion_item_0 et_pb_accordion_item et_pb_toggle et_pb_module et_pb_toggle_open et_flex_module\"><h5 class=\"et_pb_toggle_title\">Perch\u00e8 dovrei digitalizzare la mia attivit\u00e0?<\/h5><div class=\"et_pb_toggle_content et_flex_module\"><p>In un mondo che corre, anche senza che ce ne rendiamo conto, tutto passa attraverso il web. Anche la pi\u00f9 piccola idea che hai alla fine vai a cercarla su Internet, a volte anche inconsciamente, ed \u00e8 per questo che se hai un'attivit\u00e0 \u00e8 importante digitalizzarla, perch\u00e9 le persone riusciranno ad entrare in contatto con te con molta pi\u00f9 facilit\u00e0 e tu potrai esprimere tutto il potenziale che hai da offrire.<\/p>\n<\/div><\/div><div class=\"et_pb_accordion_item_1 et_pb_accordion_item et_pb_toggle et_pb_module et_pb_toggle_close et_flex_module\"><h5 class=\"et_pb_toggle_title\">Se avessi bisogno della gestione dei miei social media?<\/h5><div class=\"et_pb_toggle_content et_flex_module\"><p>I social media, se usati nella giusta maniera possono veramente fare la differenza per far conoscere te e la tua attivit\u00e0 e vendere i tuoi servizi ai tuoi potenziali clienti. Appoggiandoti a noi potrai portare avanti la strategia che far\u00e0 in modo di soddisfare sia te che le persone che ti circondano.<\/p>\n<\/div><\/div><div class=\"et_pb_accordion_item_2 et_pb_accordion_item et_pb_toggle et_pb_module et_pb_toggle_close et_flex_module\"><h5 class=\"et_pb_toggle_title\">Che altri servizi offrite?<\/h5><div class=\"et_pb_toggle_content et_flex_module\"><p>Non creiamo e gestiamo soltanto siti web anche ecommerce e social media, ma ci occupiamo anche della creazione di fotografie professionali, riprese video con drone, realizzazione di loghi, flyer informativi e pubblicitari, menu per attivit\u00e0 di ristorazione e tanto altro. Aspettiamo di sapere come possiamo esserti utili. Contattaci per fare 2 chiacchiere con noi o richiedere un preventivo gratuito!<\/p>\n<\/div><\/div><div class=\"et_pb_accordion_item_3 et_pb_accordion_item et_pb_toggle et_pb_module et_pb_toggle_close et_flex_module\"><h5 class=\"et_pb_toggle_title\">Ho un idea ma non so come metterla in pratica. Come potete aiutarmi?<\/h5><div class=\"et_pb_toggle_content et_flex_module\"><p>Se sei qui sicuramente lo sei perch\u00e9 hai un'idea e stai cercando il modo giusto per realizzarla. Ti possiamo aiutare a trovare la giusta via facendoti domande che porteranno sia te che noi a capire come percorrere la strada verso la tua piena soddisfazione. Contattaci o prenota ora una consulenza gratuita con noi.<\/p>\n<\/div><\/div><div class=\"et_pb_accordion_item_4 et_pb_accordion_item et_pb_toggle et_pb_module et_pb_toggle_close et_flex_module\"><h5 class=\"et_pb_toggle_title\">Ho gi\u00e0 iniziato un percorso di digitalizzazione, ma vorrei modificare alcune cose.. Posso rivolgermi a voi?<\/h5><div class=\"et_pb_toggle_content et_flex_module\"><p>Certamente. Anche se hai gi\u00e0 un tuo sito web, un ecommerce o hai gi\u00e0 realizzato parte delle idee sulla tua attivit\u00e0 digitale, possiamo aiutarti a cambiare strategia, migliorare o aggiungere quello che pi\u00f9 desideri.. Contattaci o prenota ora una consulenza gratuita con noi.<\/p>\n<\/div><\/div><div class=\"et_pb_accordion_item_5 et_pb_accordion_item et_pb_toggle et_pb_module et_pb_toggle_close et_flex_module\"><h5 class=\"et_pb_toggle_title\">Finito il progetto resterete al mio fianco?<\/h5><div class=\"et_pb_toggle_content et_flex_module\"><p>Se c'\u00e8 una cosa a cui teniamo particolarmente \u00e8 proprio questa: restare in contatto con te anche dopo aver terminato il lavoro, perch\u00e9 ci teniamo a creare un legame lavorativo serio e duraturo, dove il confronto e le nuove idee trovino sempre spazio e diventino reali.\u00a0<\/p>\n<\/div><\/div><\/div><div class=\"et_pb_module et_pb_button_module_wrapper et_pb_button_4_wrapper\"><a class=\"et_pb_button_4 et_pb_button et_pb_bg_layout_light et_pb_module et_flex_module\" href=\"https:\/\/graphideas.it\/es\/contatti\/#contattaci\" data-icon=\"$\">Fai una domanda<\/a><\/div><\/div><\/div><\/div><div class=\"et_pb_section_9 et_pb_section et_section_regular et_block_section et_pb_section_parallax section_has_divider et_pb_top_divider\"><div class=\"et_pb_top_inside_divider et-no-transition\"><\/div><span class=\"et-pb-parallax-wrapper\"><span class=\"et-pb-parallax-background et-pb-parallax-background--css et-pb-parallax-background-module--divi-section-9\" style=\"background-image:url(https:\/\/graphideas.it\/wp-content\/uploads\/2023\/04\/Sfondo-servizi-Graphideas.jpg)\"><\/span><\/span><div class=\"et_pb_row_13 et_pb_row et_block_row et_animated\"><div class=\"et_pb_column_19 et_pb_column et_pb_column_4_4 et-last-child et_block_column et_pb_css_mix_blend_mode_passthrough\"><div class=\"et_pb_image_6 et_pb_image et_animated et_pb_module et_flex_module\"><span class=\"et_pb_image_wrap\"><img loading=\"lazy\" decoding=\"async\" src=\"https:\/\/graphideas.it\/wp-content\/uploads\/2023\/04\/Logo-Graphideas-nero-.png\" alt=\"Logo Graphideas.it\" title=\"Logo Graphideas\" width=\"400\" height=\"120\" srcset=\"https:\/\/graphideas.it\/wp-content\/uploads\/2023\/04\/Logo-Graphideas-nero-.png 400w, https:\/\/graphideas.it\/wp-content\/uploads\/2023\/04\/Logo-Graphideas-nero--300x90.png 300w\" sizes=\"(max-width: 400px) 100vw, 400px\" class=\"wp-image-20\" \/><\/span><\/div><div class=\"et_pb_cta_7 et_pb_promo et_pb_bg_layout_dark et_animated et_pb_module et_flex_module\"><div class=\"et_pb_promo_description\"><h1 class=\"et_pb_module_header\">Pensa, crea, realizza<\/h1><div class=\"et_pb_promo_content\"><p>Pensare aiuta a capire quale sia il nostro pi\u00f9 grande obiettivo, creare aiuta a dare vita a ci\u00f2 che vogliamo e realizzare \u00e8 il punto dove arrivare e da dove continuare ogni giorno per andare sempre pi\u00f9 in alto<\/p>\n<\/div><\/div><\/div><\/div><\/div><div class=\"et_pb_row_14 et_pb_row et_block_row\"><div class=\"et_pb_column_20 et_pb_column et_pb_column_4_4 et-last-child et_block_column et_pb_css_mix_blend_mode_passthrough\"><div class=\"et_pb_text_8 et_pb_text et_pb_bg_layout_light et_pb_module et_block_module preset--module--divi-text--default\"><div class=\"et_pb_text_inner\" data-et-mv-hidden-tablet=\"true\" data-et-mv-hidden-phone=\"true\"><p>Ci\u00f2 che vedi non \u00e8 tutto quello che possiamo fare insieme, ma solo una piccola parte. Ogni giorno creaimo e realizziamo nuovi progetti e molti di questi grazie alle persone che, come te, hanno voglia di condividere le proprie passioni e trasmetterle alla propria attivit\u00e0 e nella vita di tutti i giorni<\/p>\n<\/div><\/div><div class=\"et_pb_module et_pb_button_module_wrapper et_pb_button_5_wrapper\"><a class=\"et_pb_button_5 et_pb_button et_pb_bg_layout_light et_pb_module et_flex_module\" href=\"https:\/\/graphideas.it\/es\/contatti\/\" data-icon=\"$\">Contattaci<\/a><\/div><\/div><\/div><\/div>","protected":false},"excerpt":{"rendered":"<p>Pensare, creare, realizzare, sono tutte parti fondamentali per la crescita della tua attivit\u00e0. Questi sono i servizi che possono aiutarti a capire come portarti sempre pi\u00f9 in alto<\/p>","protected":false},"author":4,"featured_media":109347,"parent":0,"menu_order":0,"comment_status":"closed","ping_status":"closed","template":"","meta":{"iawp_total_views":330,"footnotes":""},"class_list":["post-109111","page","type-page","status-publish","has-post-thumbnail","hentry"],"_links":{"self":[{"href":"https:\/\/graphideas.it\/es\/wp-json\/wp\/v2\/pages\/109111","targetHints":{"allow":["GET"]}}],"collection":[{"href":"https:\/\/graphideas.it\/es\/wp-json\/wp\/v2\/pages"}],"about":[{"href":"https:\/\/graphideas.it\/es\/wp-json\/wp\/v2\/types\/page"}],"author":[{"embeddable":true,"href":"https:\/\/graphideas.it\/es\/wp-json\/wp\/v2\/users\/4"}],"replies":[{"embeddable":true,"href":"https:\/\/graphideas.it\/es\/wp-json\/wp\/v2\/comments?post=109111"}],"version-history":[{"count":15,"href":"https:\/\/graphideas.it\/es\/wp-json\/wp\/v2\/pages\/109111\/revisions"}],"predecessor-version":[{"id":110235,"href":"https:\/\/graphideas.it\/es\/wp-json\/wp\/v2\/pages\/109111\/revisions\/110235"}],"wp:featuredmedia":[{"embeddable":true,"href":"https:\/\/graphideas.it\/es\/wp-json\/wp\/v2\/media\/109347"}],"wp:attachment":[{"href":"https:\/\/graphideas.it\/es\/wp-json\/wp\/v2\/media?parent=109111"}],"curies":[{"name":"wp","href":"https:\/\/api.w.org\/{rel}","templated":true}]}}